{"id":267,"date":"2025-02-02T14:34:47","date_gmt":"2025-02-02T13:34:47","guid":{"rendered":"https:\/\/anf-planig.de\/?page_id=267"},"modified":"2026-01-31T21:19:00","modified_gmt":"2026-01-31T20:19:00","slug":"fanglisten","status":"publish","type":"page","link":"https:\/\/anf-planig.de\/?page_id=267","title":{"rendered":"Fanglisten"},"content":{"rendered":"\n<p>Fanglisten dienen dazu, die gefangenen Fische zu dokumentieren und geben einen \u00dcberblick \u00fcber Fischbest\u00e4nde, Fangmengen und besondere F\u00e4nge. Sie werden genutzt, um den nachhaltigen Umgang mit Gew\u00e4ssern sicherzustellen indem sie unter anderem als wichtige Grundlage f\u00fcr effektive Besatzma\u00dfnahmen dienen. Angler tragen ihre F\u00e4nge mit Datum, Fischart, Gr\u00f6\u00dfe und Gew\u00e4sser ein, wodurch eine transparente und faire Erfassung gew\u00e4hrleistet wird. Im Folgenden sind die Auswertungen dieser Fanglisten gelistet. Es gibt 4 Tabellen: Die erste Tabelle zeigt eine Gesamt\u00fcbersicht und die anderen Tabellen zeigen die Fangstatistiken f\u00fcr die einzelnen Vereinsgew\u00e4sser. F\u00fcr den Ippesheimer See wurden nur die F\u00e4nge von unserem Verein ausgewertet.<\/p>\n\n\n\n<p>Die Auswertung der Fanglisten f\u00fcr 2025 bezieht alle Meldungen und abgegebenen Fanglisten bis zum 16.01.2026 ein.<\/p>\n\n\n\n<h2 class=\"wp-block-heading\">\u00dcbersicht \u00fcber alle Gew\u00e4sser<\/h2>\n\n\n\n<div id=\"footable_parent_295\"\n         class=\" footable_parent ninja_table_wrapper loading_ninja_table wp_table_data_press_parent semantic_ui \">\n                <table data-ninja_table_instance=\"ninja_table_instance_0\" data-footable_id=\"295\" data-filter-delay=\"1000\" aria-label=\"\u00dcbersicht \u00fcber alle Vereinsgew\u00e4sser\"            id=\"footable_295\"\n           data-unique_identifier=\"ninja_table_unique_id_867892482_295\"\n           class=\" foo-table ninja_footable foo_table_295 ninja_table_unique_id_867892482_295 ui table  nt_type_ajax_table selectable striped vertical_centered  footable-paging-right\">\n                <colgroup>\n                            <col class=\"ninja_column_0 \">\n                            <col class=\"ninja_column_1 \">\n                            <col class=\"ninja_column_2 \">\n                            <col class=\"ninja_column_3 \">\n                            <col class=\"ninja_column_4 \">\n                            <col class=\"ninja_column_5 \">\n                            <col class=\"ninja_column_6 \">\n                            <col class=\"ninja_column_7 \">\n                    <\/colgroup>\n            <\/table>\n    \n    \n    \n<\/div>\n\n\n\n\n<p><\/p>\n\n\n\n<h2 class=\"wp-block-heading\">Nahe<\/h2>\n\n\n\n<div id=\"footable_parent_299\"\n         class=\" footable_parent ninja_table_wrapper loading_ninja_table wp_table_data_press_parent semantic_ui \">\n                <table data-ninja_table_instance=\"ninja_table_instance_1\" data-footable_id=\"299\" data-filter-delay=\"1000\" aria-label=\"Nahe\"            id=\"footable_299\"\n           data-unique_identifier=\"ninja_table_unique_id_2728591624_299\"\n           class=\" foo-table ninja_footable foo_table_299 ninja_table_unique_id_2728591624_299 ui table  nt_type_ajax_table selectable striped vertical_centered  footable-paging-right\">\n                <colgroup>\n                            <col class=\"ninja_column_0 \">\n                            <col class=\"ninja_column_1 \">\n                            <col class=\"ninja_column_2 \">\n                            <col class=\"ninja_column_3 \">\n                            <col class=\"ninja_column_4 \">\n                            <col class=\"ninja_column_5 \">\n                            <col class=\"ninja_column_6 \">\n                            <col class=\"ninja_column_7 \">\n                    <\/colgroup>\n            <\/table>\n    \n    \n    \n<\/div>\n\n\n\n\n<p><\/p>\n\n\n\n<h2 class=\"wp-block-heading\">Appelbach<\/h2>\n\n\n\n<div id=\"footable_parent_300\"\n         class=\" footable_parent ninja_table_wrapper loading_ninja_table wp_table_data_press_parent semantic_ui \">\n                <table data-ninja_table_instance=\"ninja_table_instance_2\" data-footable_id=\"300\" data-filter-delay=\"1000\" aria-label=\"Appelbach\"            id=\"footable_300\"\n           data-unique_identifier=\"ninja_table_unique_id_1777601967_300\"\n           class=\" foo-table ninja_footable foo_table_300 ninja_table_unique_id_1777601967_300 ui table  nt_type_ajax_table selectable striped vertical_centered  footable-paging-right\">\n                <colgroup>\n                            <col class=\"ninja_column_0 \">\n                            <col class=\"ninja_column_1 \">\n                            <col class=\"ninja_column_2 \">\n                            <col class=\"ninja_column_3 \">\n                            <col class=\"ninja_column_4 \">\n                            <col class=\"ninja_column_5 \">\n                            <col class=\"ninja_column_6 \">\n                            <col class=\"ninja_column_7 \">\n                    <\/colgroup>\n            <\/table>\n    \n    \n    \n<\/div>\n\n\n\n\n<p><\/p>\n\n\n\n<h2 class=\"wp-block-heading\">Ippesheimer See<\/h2>\n\n\n\n<div id=\"footable_parent_301\"\n         class=\" footable_parent ninja_table_wrapper loading_ninja_table wp_table_data_press_parent semantic_ui \">\n                <table data-ninja_table_instance=\"ninja_table_instance_3\" data-footable_id=\"301\" data-filter-delay=\"1000\" aria-label=\"Ippesheimer See\"            id=\"footable_301\"\n           data-unique_identifier=\"ninja_table_unique_id_369661120_301\"\n           class=\" foo-table ninja_footable foo_table_301 ninja_table_unique_id_369661120_301 ui table  nt_type_ajax_table selectable striped vertical_centered  footable-paging-right\">\n                <colgroup>\n                            <col class=\"ninja_column_0 \">\n                            <col class=\"ninja_column_1 \">\n                            <col class=\"ninja_column_2 \">\n                            <col class=\"ninja_column_3 \">\n                            <col class=\"ninja_column_4 \">\n                            <col class=\"ninja_column_5 \">\n                            <col class=\"ninja_column_6 \">\n                            <col class=\"ninja_column_7 \">\n                    <\/colgroup>\n            <\/table>\n    \n    \n    \n<\/div>\n\n","protected":false},"excerpt":{"rendered":"<p>Fanglisten dienen dazu, die gefangenen Fische zu dokumentieren und geben einen \u00dcberblick \u00fcber Fischbest\u00e4nde, Fangmengen und besondere F\u00e4nge. Sie werden genutzt, um den nachhaltigen Umgang mit Gew\u00e4ssern sicherzustellen indem sie &#8230;<\/p>\n","protected":false},"author":1,"featured_media":0,"parent":0,"menu_order":0,"comment_status":"closed","ping_status":"closed","template":"","meta":{"footnotes":""},"class_list":["post-267","page","type-page","status-publish","hentry"],"aioseo_notices":[],"_links":{"self":[{"href":"https:\/\/anf-planig.de\/index.php?rest_route=\/wp\/v2\/pages\/267","targetHints":{"allow":["GET"]}}],"collection":[{"href":"https:\/\/anf-planig.de\/index.php?rest_route=\/wp\/v2\/pages"}],"about":[{"href":"https:\/\/anf-planig.de\/index.php?rest_route=\/wp\/v2\/types\/page"}],"author":[{"embeddable":true,"href":"https:\/\/anf-planig.de\/index.php?rest_route=\/wp\/v2\/users\/1"}],"replies":[{"embeddable":true,"href":"https:\/\/anf-planig.de\/index.php?rest_route=%2Fwp%2Fv2%2Fcomments&post=267"}],"version-history":[{"count":11,"href":"https:\/\/anf-planig.de\/index.php?rest_route=\/wp\/v2\/pages\/267\/revisions"}],"predecessor-version":[{"id":441,"href":"https:\/\/anf-planig.de\/index.php?rest_route=\/wp\/v2\/pages\/267\/revisions\/441"}],"wp:attachment":[{"href":"https:\/\/anf-planig.de\/index.php?rest_route=%2Fwp%2Fv2%2Fmedia&parent=267"}],"curies":[{"name":"wp","href":"https:\/\/api.w.org\/{rel}","templated":true}]}}